{"id":988021,"date":"2024-08-23T22:09:06","date_gmt":"2024-08-23T20:09:06","guid":{"rendered":"https:\/\/pur-spa.org\/?page_id=988021"},"modified":"2024-08-23T22:15:25","modified_gmt":"2024-08-23T20:15:25","slug":"brak-tytulu-3","status":"publish","type":"page","link":"https:\/\/pur-spa.org\/index.php\/de\/brak-tytulu-3\/","title":{"rendered":"Ayurveda-Beratung"},"content":{"rendered":"<div class=\"vgblk-rw-wrapper limit-wrapper\">\n\n\t<h1>Ayurveda &#8211; Beratung<\/h1>\n<p>Ich hei\u00dfe Sie herzlich willkommen an dem Ort, an dem ich die alte Weisheit des Ayurveda mit Ihnen teile. Doch bevor wir zur inneren Transformation \u00fcbergehen, m\u00f6chte ich Ihnen erkl\u00e4ren, was Ayurveda ist.<\/p>\n<p><strong>Ayurveda<\/strong> ist ein Sanskrit-Begriff, der mit \u201eWissenschaft vom Leben&#8221; oder \u201eWissen vom Leben&#8221; \u00fcbersetzt wird. \u201eAyus&#8221; bedeutet Leben und \u201eveda&#8221; bedeutet Wissen. Ayurveda ist \u00fcber 5.000 Jahre alt. Dieses \u00e4lteste medizinische System ist \u00e4lter als viele andere medizinische Systeme auf der Welt. Gesundheitspraktiken, einschlie\u00dflich der Traditionellen Chinesischen Medizin (TCM), der modernen Naturheilkunde und der Aromatherapie, haben ihre Wurzeln im Ayurveda.<\/p>\n<p>&nbsp;<\/p>\n<p>Das Ziel des Ayurveda ist es, gesunde Praktiken in unser Leben einzuf\u00fchren und sie jeden Tag anzuwenden, die unsere Immunit\u00e4t st\u00e4rken und uns stark und gesund machen. Ayurveda basiert auf der Behandlung von Krankheiten mit nat\u00fcrlichen Methoden und der Nutzung der G\u00fcter, die die Natur unserem K\u00f6rper und unserer Seele schenkt. Es betont auch die Bedeutung einer ganzheitlichen Lebenseinstellung. Die heutige Zeit steigert unsere Emotionen und verursacht Stress, der f\u00fcr viele Krankheiten ausschlaggebend ist. St\u00e4ndige Hektik l\u00e4sst uns leicht vergessen, wer wir sind und was uns am wichtigsten ist.<\/p>\n<p>Um das innere Gleichgewicht aufrechtzuerhalten, sollten wir unseren Geist und K\u00f6rper so einstellen, dass sie sich gegenseitig heilen k\u00f6nnen. Der physische K\u00f6rper ist mit Emotionen und Geist verbunden, weshalb es so wichtig ist, ein Gleichgewicht zwischen ihnen aufrechtzuerhalten. Ayurveda lehrt uns, auf unsere Gesundheit zu achten und mit der richtigen Denkweise, Ern\u00e4hrung und Lebensweise dieses innere Gleichgewicht aufrechtzuerhalten.<\/p>\n<p>Meine Mission ist es nicht nur, Ihnen zu helfen, zu verstehen, welchen Einfluss Sie auf Ihre Gesundheit haben, sondern vor allem m\u00f6chte ich, dass Sie verstehen, dass wir mit den richtigen Werkzeugen und dem richtigen Wissen zur Selbstheilung f\u00e4hig sind. Deshalb lade ich Sie ein, mit uns auf eine Reise zu GESUNDHEIT und HARMONIE zu gehen.<\/p>\n<p>Ayurveda heilt, indem es unsere Gewohnheiten ver\u00e4ndert. Diese Ver\u00e4nderungen werden entsprechend unserem K\u00f6rpertyp (Vata, Pitta, Kapha) eingef\u00fchrt und sind einer der wichtigsten Aspekte im Heilungsprozess.<\/p>\n<p>Ich habe f\u00fcr Sie einen ayurvedischen Beratungsplan bestehend aus mehreren Stationen vorbereitet. Bei welchem \u200b\u200bdavon Sie wie lange bleiben m\u00f6chten &#8211; entscheiden Sie selbst!<\/p>\n<p><strong>Denken Sie daran, dass Sie in jeder Phase der Reise meine Unterst\u00fctzung erhalten.<\/strong><\/p>\n<p><strong>BERATUNGSPLAN:<\/strong><\/p>\n<p><strong>1. ERSTE BERATUNG<\/strong><\/p>\n<p>Wir beginnen unsere Zusammenarbeit mit einem etwa 90-min\u00fctigen Online-Beratungsgespr\u00e4ch, in dem wir den aktuellen Zustand und die Vorgeschichte Ihres Gesundheitszustands, Ihre aktuellen Bed\u00fcrfnisse besprechen und Gesundheitsziele festlegen.<\/p>\n<p><strong>2. PLAN F\u00dcR DIE ERNEUERUNG VON K\u00d6RPER, SEELE UND GEIST<\/strong><\/p>\n<p>Basierend auf unserem Erstgespr\u00e4ch erstelle ich eine personalisierte JOURNEY-Karte, die Sie Schritt f\u00fcr Schritt dabei unterst\u00fctzt, Ihr Wohlbefinden zu verbessern und Ihre Ziele zu erreichen.Wir treffen uns in Sitzungen, um Ihren Plan zu besprechen und umzusetzen.Unsere Treffen werden regelm\u00e4\u00dfig stattfinden, bis wir unser Ziel erreicht haben, und ich habe das Gef\u00fchl, dass Sie Ihre Reise alleine und ohne die Hilfe eines F\u00fchrers fortsetzen k\u00f6nnen.<\/p>\n<p><strong>W\u00c4HREND EINER AYURVEDISCHEN BERATUNG:<\/strong><\/p>\n<ul>\n<li>Du erf\u00e4hrst, welches Dosha du bist (Vata, Pitta, Kapha)<\/li>\n<li>Sie lernen die Ursachen Ihrer gesundheitlichen Beschwerden<\/li>\n<li>kennen und erfahren, wie Sie diesen vorbeugen k\u00f6nnen<\/li>\n<li>Sie erfahren, wie Emotionen den Zustand Ihres K\u00f6rpers beeinflussen<\/li>\n<li>Sie erhalten Empfehlungen zu Ern\u00e4hrung und Lebensstil (Rezepte, Speiseplan, Einkaufsliste, individuelle Kr\u00e4uterauswahl, k\u00f6rperliche Aktivit\u00e4t, Meditation, ayurvedische Behandlungen)<\/li>\n<li>Ich werde Ihnen beibringen, wie Sie im Einklang mit den wechselnden Zyklen und Jahreszeiten der Natur leben<\/li>\n<li>Sie werden Ihre Einstellung zum Essen \u00e4ndern<\/li>\n<li>Sie werden Werkzeuge entdecken, mit denen Sie die Verdauung verbessern, die Schlafqualit\u00e4t verbessern und die Energie steigern k\u00f6nnen<\/li>\n<li>Sie werden Blockaden auf der Ebene von K\u00f6rper und Geist l\u00f6sen<\/li>\n<li>Du st\u00e4rkst Dein inneres \u201eIch&#8221; und verbindest Dich mit Deiner Weisheit<\/li>\n<\/ul>\n\n<\/div><!-- .vgblk-rw-wrapper -->","protected":false},"excerpt":{"rendered":"<p>Ayurveda &#8211; Beratung Ich hei\u00dfe Sie herzlich willkommen an dem Ort, an dem ich die alte Weisheit des Ayurveda mit Ihnen teile. Doch bevor wir zur inneren Transformation \u00fcbergehen, m\u00f6chte ich Ihnen erkl\u00e4ren, was Ayurveda ist. Ayurveda ist ein Sanskrit-Begriff, der mit \u201eWissenschaft vom Leben&#8221; oder \u201eWissen vom Leben&#8221; \u00fcbersetzt wird. \u201eAyus&#8221; bedeutet Leben und&#8230;<\/p>\n","protected":false},"author":1,"featured_media":0,"parent":0,"menu_order":0,"comment_status":"closed","ping_status":"closed","template":"","meta":{"inline_featured_image":false,"footnotes":""},"class_list":["post-988021","page","type-page","status-publish","hentry"],"yoast_head":"<!-- This site is optimized with the Yoast SEO plugin v27.1.1 - https:\/\/yoast.com\/product\/yoast-seo-wordpress\/ -->\n<title>Ayurveda-Beratung - Pur Spa<\/title>\n<meta name=\"robots\" content=\"index, follow, max-snippet:-1, max-image-preview:large, max-video-preview:-1\" \/>\n<link rel=\"canonical\" href=\"https:\/\/pur-spa.org\/index.php\/de\/brak-tytulu-3\/\" \/>\n<meta property=\"og:locale\" content=\"pl_PL\" \/>\n<meta property=\"og:type\" content=\"article\" \/>\n<meta property=\"og:title\" content=\"Ayurveda-Beratung - Pur Spa\" \/>\n<meta property=\"og:description\" content=\"Ayurveda &#8211; Beratung Ich hei\u00dfe Sie herzlich willkommen an dem Ort, an dem ich die alte Weisheit des Ayurveda mit Ihnen teile. Doch bevor wir zur inneren Transformation \u00fcbergehen, m\u00f6chte ich Ihnen erkl\u00e4ren, was Ayurveda ist. Ayurveda ist ein Sanskrit-Begriff, der mit \u201eWissenschaft vom Leben&#8221; oder \u201eWissen vom Leben&#8221; \u00fcbersetzt wird. \u201eAyus&#8221; bedeutet Leben und...\" \/>\n<meta property=\"og:url\" content=\"https:\/\/pur-spa.org\/index.php\/de\/brak-tytulu-3\/\" \/>\n<meta property=\"og:site_name\" content=\"Pur Spa\" \/>\n<meta property=\"article:modified_time\" content=\"2024-08-23T20:15:25+00:00\" \/>\n<meta name=\"twitter:card\" content=\"summary_large_image\" \/>\n<meta name=\"twitter:label1\" content=\"Szacowany czas czytania\" \/>\n\t<meta name=\"twitter:data1\" content=\"3 minuty\" \/>\n<script type=\"application\/ld+json\" class=\"yoast-schema-graph\">{\"@context\":\"https:\/\/schema.org\",\"@graph\":[{\"@type\":\"WebPage\",\"@id\":\"https:\/\/pur-spa.org\/index.php\/de\/brak-tytulu-3\/\",\"url\":\"https:\/\/pur-spa.org\/index.php\/de\/brak-tytulu-3\/\",\"name\":\"Ayurveda-Beratung - Pur Spa\",\"isPartOf\":{\"@id\":\"https:\/\/pur-spa.org\/#website\"},\"datePublished\":\"2024-08-23T20:09:06+00:00\",\"dateModified\":\"2024-08-23T20:15:25+00:00\",\"breadcrumb\":{\"@id\":\"https:\/\/pur-spa.org\/index.php\/de\/brak-tytulu-3\/#breadcrumb\"},\"inLanguage\":\"pl-PL\",\"potentialAction\":[{\"@type\":\"ReadAction\",\"target\":[\"https:\/\/pur-spa.org\/index.php\/de\/brak-tytulu-3\/\"]}]},{\"@type\":\"BreadcrumbList\",\"@id\":\"https:\/\/pur-spa.org\/index.php\/de\/brak-tytulu-3\/#breadcrumb\",\"itemListElement\":[{\"@type\":\"ListItem\",\"position\":1,\"name\":\"Strona g\u0142\u00f3wna\",\"item\":\"https:\/\/pur-spa.org\/\"},{\"@type\":\"ListItem\",\"position\":2,\"name\":\"Ayurveda-Beratung\"}]},{\"@type\":\"WebSite\",\"@id\":\"https:\/\/pur-spa.org\/#website\",\"url\":\"https:\/\/pur-spa.org\/\",\"name\":\"Pur Spa\",\"description\":\"\",\"publisher\":{\"@id\":\"https:\/\/pur-spa.org\/#organization\"},\"potentialAction\":[{\"@type\":\"SearchAction\",\"target\":{\"@type\":\"EntryPoint\",\"urlTemplate\":\"https:\/\/pur-spa.org\/?s={search_term_string}\"},\"query-input\":{\"@type\":\"PropertyValueSpecification\",\"valueRequired\":true,\"valueName\":\"search_term_string\"}}],\"inLanguage\":\"pl-PL\"},{\"@type\":\"Organization\",\"@id\":\"https:\/\/pur-spa.org\/#organization\",\"name\":\"Pur Spa\",\"url\":\"https:\/\/pur-spa.org\/\",\"logo\":{\"@type\":\"ImageObject\",\"inLanguage\":\"pl-PL\",\"@id\":\"https:\/\/pur-spa.org\/#\/schema\/logo\/image\/\",\"url\":\"https:\/\/pur-spa.org\/wp-content\/uploads\/2017\/11\/logo-spa-theme.svg\",\"contentUrl\":\"https:\/\/pur-spa.org\/wp-content\/uploads\/2017\/11\/logo-spa-theme.svg\",\"width\":105,\"height\":50,\"caption\":\"Pur Spa\"},\"image\":{\"@id\":\"https:\/\/pur-spa.org\/#\/schema\/logo\/image\/\"}}]}<\/script>\n<!-- \/ Yoast SEO plugin. -->","yoast_head_json":{"title":"Ayurveda-Beratung - Pur Spa","robots":{"index":"index","follow":"follow","max-snippet":"max-snippet:-1","max-image-preview":"max-image-preview:large","max-video-preview":"max-video-preview:-1"},"canonical":"https:\/\/pur-spa.org\/index.php\/de\/brak-tytulu-3\/","og_locale":"pl_PL","og_type":"article","og_title":"Ayurveda-Beratung - Pur Spa","og_description":"Ayurveda &#8211; Beratung Ich hei\u00dfe Sie herzlich willkommen an dem Ort, an dem ich die alte Weisheit des Ayurveda mit Ihnen teile. Doch bevor wir zur inneren Transformation \u00fcbergehen, m\u00f6chte ich Ihnen erkl\u00e4ren, was Ayurveda ist. Ayurveda ist ein Sanskrit-Begriff, der mit \u201eWissenschaft vom Leben&#8221; oder \u201eWissen vom Leben&#8221; \u00fcbersetzt wird. \u201eAyus&#8221; bedeutet Leben und...","og_url":"https:\/\/pur-spa.org\/index.php\/de\/brak-tytulu-3\/","og_site_name":"Pur Spa","article_modified_time":"2024-08-23T20:15:25+00:00","twitter_card":"summary_large_image","twitter_misc":{"Szacowany czas czytania":"3 minuty"},"schema":{"@context":"https:\/\/schema.org","@graph":[{"@type":"WebPage","@id":"https:\/\/pur-spa.org\/index.php\/de\/brak-tytulu-3\/","url":"https:\/\/pur-spa.org\/index.php\/de\/brak-tytulu-3\/","name":"Ayurveda-Beratung - Pur Spa","isPartOf":{"@id":"https:\/\/pur-spa.org\/#website"},"datePublished":"2024-08-23T20:09:06+00:00","dateModified":"2024-08-23T20:15:25+00:00","breadcrumb":{"@id":"https:\/\/pur-spa.org\/index.php\/de\/brak-tytulu-3\/#breadcrumb"},"inLanguage":"pl-PL","potentialAction":[{"@type":"ReadAction","target":["https:\/\/pur-spa.org\/index.php\/de\/brak-tytulu-3\/"]}]},{"@type":"BreadcrumbList","@id":"https:\/\/pur-spa.org\/index.php\/de\/brak-tytulu-3\/#breadcrumb","itemListElement":[{"@type":"ListItem","position":1,"name":"Strona g\u0142\u00f3wna","item":"https:\/\/pur-spa.org\/"},{"@type":"ListItem","position":2,"name":"Ayurveda-Beratung"}]},{"@type":"WebSite","@id":"https:\/\/pur-spa.org\/#website","url":"https:\/\/pur-spa.org\/","name":"Pur Spa","description":"","publisher":{"@id":"https:\/\/pur-spa.org\/#organization"},"potentialAction":[{"@type":"SearchAction","target":{"@type":"EntryPoint","urlTemplate":"https:\/\/pur-spa.org\/?s={search_term_string}"},"query-input":{"@type":"PropertyValueSpecification","valueRequired":true,"valueName":"search_term_string"}}],"inLanguage":"pl-PL"},{"@type":"Organization","@id":"https:\/\/pur-spa.org\/#organization","name":"Pur Spa","url":"https:\/\/pur-spa.org\/","logo":{"@type":"ImageObject","inLanguage":"pl-PL","@id":"https:\/\/pur-spa.org\/#\/schema\/logo\/image\/","url":"https:\/\/pur-spa.org\/wp-content\/uploads\/2017\/11\/logo-spa-theme.svg","contentUrl":"https:\/\/pur-spa.org\/wp-content\/uploads\/2017\/11\/logo-spa-theme.svg","width":105,"height":50,"caption":"Pur Spa"},"image":{"@id":"https:\/\/pur-spa.org\/#\/schema\/logo\/image\/"}}]}},"_links":{"self":[{"href":"https:\/\/pur-spa.org\/index.php\/wp-json\/wp\/v2\/pages\/988021","targetHints":{"allow":["GET"]}}],"collection":[{"href":"https:\/\/pur-spa.org\/index.php\/wp-json\/wp\/v2\/pages"}],"about":[{"href":"https:\/\/pur-spa.org\/index.php\/wp-json\/wp\/v2\/types\/page"}],"author":[{"embeddable":true,"href":"https:\/\/pur-spa.org\/index.php\/wp-json\/wp\/v2\/users\/1"}],"replies":[{"embeddable":true,"href":"https:\/\/pur-spa.org\/index.php\/wp-json\/wp\/v2\/comments?post=988021"}],"version-history":[{"count":4,"href":"https:\/\/pur-spa.org\/index.php\/wp-json\/wp\/v2\/pages\/988021\/revisions"}],"predecessor-version":[{"id":988025,"href":"https:\/\/pur-spa.org\/index.php\/wp-json\/wp\/v2\/pages\/988021\/revisions\/988025"}],"wp:attachment":[{"href":"https:\/\/pur-spa.org\/index.php\/wp-json\/wp\/v2\/media?parent=988021"}],"curies":[{"name":"wp","href":"https:\/\/api.w.org\/{rel}","templated":true}]}}