{"id":988019,"date":"2024-08-23T22:06:28","date_gmt":"2024-08-23T20:06:28","guid":{"rendered":"https:\/\/pur-spa.org\/?page_id=988019"},"modified":"2024-08-23T22:06:28","modified_gmt":"2024-08-23T20:06:28","slug":"ayurvedic-consultation-copy","status":"publish","type":"page","link":"https:\/\/pur-spa.org\/index.php\/ayurvedic-consultation-copy\/","title":{"rendered":"Kopia Konsultacja ajurwedyjska"},"content":{"rendered":"<div class=\"vgblk-rw-wrapper limit-wrapper\">\n\n\t<header>\n<h1>Konsultacja ajurwedyjska<\/h1>\n<\/header>\n<article id=\"post-44\">\n<p>Witam Ci\u0119 serdecznie w miejscu, w kt\u00f3rym dziel\u0119 si\u0119 z Tob\u0105 staro\u017cytn\u0105 m\u0105dro\u015bci\u0105 Ajurwedy. Ale zanim przejdziemy do wewn\u0119trznej przemiany, wyja\u015bni\u0119 Ci czym jest Ajurweda.<\/p>\n<p><em><strong>Ajurweda<\/strong><\/em>\u00a0to termin sanskrycki, kt\u00f3ry t\u0142umaczy si\u0119 jako \u201enauka o \u017cyciu&#8221; lub \u201ewiedza o \u017cyciu&#8221;.\u00a0\u201e\u00a0<em>Ayus<\/em>\u00a0&#8221; oznacza \u017cycie, a \u201e\u00a0<em>veda<\/em>\u00a0&#8221; oznacza wiedz\u0119. Ajurweda\u00a0ma ponad 5000 lat.\u00a0Ten najstarszy z system\u00f3w leczniczych jest starszy ni\u017c wiele innych system\u00f3w medycznych na \u015bwiecie.\u00a0Praktyki zdrowotne, w tym Tradycyjna Medycyna Chi\u0144ska (TCM), nowoczesna naturopatia i aromaterapia, maj\u0105 swoje korzenie w Ajurwedzie.<\/p>\n<p>&nbsp;<\/p>\n<p>Celem Ajurwedy jest wprowadzenie do naszego \u017cycia i stosowanie na co dzie\u0144 zdrowych praktyk, kt\u00f3re sprawi\u0105, \u017ce nasza odporno\u015b\u0107 si\u0119 wzmocni, a my b\u0119dziemy silni i zdrowi. Ajurweda opiera si\u0119 na leczeniu chor\u00f3b za pomoc\u0105 naturalnych metod, korzystania z d\u00f3br, jakie daje naszemu cia\u0142u i duszy natura. Podkre\u015bla ona r\u00f3wnie\u017c, jak istotne jest holistyczne podej\u015bcie do \u017cycia. Dzisiejsze czasy wzmagaj\u0105 w nas emocje i powoduj\u0105 stres, kt\u00f3ry jest wyznacznikiem wielu chor\u00f3b. Ci\u0105g\u0142y po\u015bpiech sprawia, \u017ce \u0142atwo zapominamy o tym kim jeste\u015bmy i co ma dla nas najistotniejsze znaczenie.<\/p>\n<p>Aby utrzyma\u0107 wewn\u0119trzn\u0105 r\u00f3wnowag\u0119 powinni\u015bmy zestraja\u0107 nasz umys\u0142 i cia\u0142o w taki spos\u00f3b, aby mog\u0142y si\u0119 wzajemnie uzdrawia\u0107. Cia\u0142o fizyczne jest po\u0142\u0105czone z emocjami i umys\u0142em, dlatego tak wa\u017cne jest zachowanie r\u00f3wnowagi mi\u0119dzy nimi. Ajurweda uczy nas, jak dba\u0107 o swoje zdrowie oraz jak stosowa\u0107 w\u0142a\u015bciwe my\u015blenie, diet\u0119 i styl \u017cycia, aby utrzyma\u0107 t\u0119 wewn\u0119trzn\u0105 r\u00f3wnowag\u0119.<\/p>\n<p>Moj\u0105 misj\u0105 jest nie tylko pom\u00f3c Ci zrozumie\u0107, jak ogromny wp\u0142yw masz na swoje zdrowie, ale przede wszystkim chcia\u0142abym aby\u015b zrozumia\u0142a, \u017ce dzi\u0119ki odpowiednim narz\u0119dziom i wiedzy jeste\u015bmy zdolni do samouzdrowienia. Zapraszam Ci\u0119 zatem do wsp\u00f3lnej podr\u00f3\u017cy po ZDROWIE i HARMONI\u0118.<\/p>\n<p>Ajurweda leczy poprzez wprowadzenie zmian w naszych nawykach. Zmiany te s\u0105 wprowadzane w zgodzie z typem naszego cia\u0142a (Vata, Pitta, Kapha) i jest to jeden z najwa\u017cniejszych aspekt\u00f3w w procesie uzdrawiania.<\/p>\n<p>Przygotowa\u0142am dla Ciebie plan konsultacji ajurwedyjskiej sk\u0142adaj\u0105cej si\u0119 z kilku przystank\u00f3w. Na kt\u00f3rym z nich b\u0119dziesz chcia\u0142a si\u0119 zatrzyma\u0107 i na jak d\u0142ugo &#8211; zdecyduj sama!<\/p>\n<p>&nbsp;<\/p>\n<p><mark><strong>Pami\u0119taj, \u017ce na ka\u017cdym etapie podr\u00f3\u017cy otrzymasz moje wsparcie.<\/strong><\/mark><\/p>\n<p><strong>PLAN KONSULTACJI:<\/strong><\/p>\n<p><strong>1. KONSULTACJA WST\u0118PNA<\/strong><\/p>\n<p>Nasz\u0105 wsp\u00f3\u0142prac\u0119 rozpoczynamy od oko\u0142o 90-minutowej konsultacji online, aby om\u00f3wi\u0107 aktualny stan i histori\u0119 Twojego zdrowia, obecne potrzeby i wytyczy\u0107 cele zdrowotne.<\/p>\n<p><strong>2. PLAN ODNOWY CIA\u0141A, DUSZY I UMYS\u0141U<\/strong><\/p>\n<p>W oparciu o nasz\u0105 wst\u0119pn\u0105 konsultacj\u0119, stworz\u0119 indywidualn\u0105 map\u0119 PODR\u00d3\u017bY, kt\u00f3ra poprowadzi Ci\u0119 krok po kroku w kierunku poprawy Twojego samopoczucia i osi\u0105gni\u0119cia Twoich cel\u00f3w.\u00a0Spotykamy si\u0119 na sesjach, aby om\u00f3wi\u0107 i wdro\u017cy\u0107 Tw\u00f3j plan w \u017cycie.\u00a0Nasze spotkania b\u0119d\u0105 odbywa\u0107 si\u0119 regularnie, do czasu, a\u017c osi\u0105gniemy za\u0142o\u017cony cel i b\u0119d\u0119 czu\u0107, \u017ce w dalszej w\u0119dr\u00f3wce poradzisz sobie sama, bez pomocy przewodnika.<\/p>\n<p><strong>PODCZAS KONSULTACJI AJURWEDYJSKIEJ :<\/strong><\/p>\n<ul>\n<li>poznasz jak\u0105 jeste\u015b Dosha (Vata, Pitta, Kapha)<\/li>\n<li>poznasz przyczyny swoich dolegliwo\u015bci zdrowotnych oraz dowiesz si\u0119 jak im zapobiega\u0107<\/li>\n<li>dowiesz si\u0119 jak emocje wp\u0142ywaj\u0105 na stan Twojego cia\u0142a<\/li>\n<li>otrzymasz zalecenia dotycz\u0105ce diety i stylu \u017cycia ( przepisy, plan posi\u0142k\u00f3w, lista zakup\u00f3w, indywidualny dob\u00f3r zi\u00f3\u0142, aktywno\u015b\u0107 fizyczna, medytacje, zabiegi ajurwedyjskie)<\/li>\n<li>naucz\u0119 Ci\u0119 jak \u017cy\u0107 w zgodzie ze zmieniaj\u0105cymi si\u0119 cyklami i porami roku w przyrodzie<\/li>\n<li>zmienisz sw\u00f3j stosunek do jedzenia<\/li>\n<li>odkryjesz narz\u0119dzia, kt\u00f3re pozwol\u0105 Ci na lepsze trawienie, popraw\u0119 jako\u015bci snu oraz wzrost energii<\/li>\n<li>pozb\u0119dziesz si\u0119 blokad na poziomie cia\u0142a i umys\u0142u<\/li>\n<li>wzmocnisz swoje wewn\u0119trzne \u201eJA&#8221; i po\u0142\u0105czysz si\u0119 ze swoj\u0105 m\u0105dro\u015bci\u0105<\/li>\n<\/ul>\n<p><strong>Wybierz dogodn\u0105 dla Ciebie ilo\u015b\u0107 spotka\u0144:<\/strong><\/p>\n<ul>\n<li>2 spotkania w miesi\u0105cu to koszt <strong>340 z\u0142\/miesi\u0105c<\/strong><\/li>\n<li>3 spotkania w miesi\u0105cu to koszt <strong>460 z\u0142\/miesi\u0105c<\/strong><\/li>\n<\/ul>\n<p>&nbsp;<\/p>\n<p><img decoding=\"async\" src=\"http:\/\/podrozwglabsiebie.pl\/wp-content\/uploads\/2023\/06\/images-2.jpg\" alt=\"\" width=\"275\" height=\"183\" \/><\/p>\n<p>&nbsp;<\/p>\n<p><strong>Spotkania z klientami odbywaj\u0105 si\u0119 on-line za po\u015brednictwem sesji wideo (Zoom, Microsoft Teams, WhatsApp) lub rozmowy telefonicznej (w razie potrzeby) oraz stacjonarnie w Gabinecie Pur w Klinice M\u0142odo\u015bci w \u015awieradowie &#8211; Zdroju, <\/strong><\/p>\n<p>&nbsp;<\/p>\n<p><strong>ul. Spadzista 1-3. <\/strong><\/p>\n<p><strong>W celu um\u00f3wienia wizyty prosz\u0119 o kontakt telefoniczny:<mark> +48 536 187 852 <\/mark>lub mailowy:<mark> kontakt@podrozwglabsiebie.pl<\/mark><\/strong><\/p>\n<div class=\"fl-builder-content fl-builder-content-14841 fl-builder-template fl-builder-module-template fl-builder-global-templates-locked\" data-post-id=\"14841\"><div class=\"fl-module fl-module-vamtam-button fl-node-5a0351151b3cf\" data-node=\"5a0351151b3cf\">\n\t<div class=\"fl-module-content fl-node-content\">\n\t\t<div class=\"vamtam-button-wrap vamtam-button-width-auto\" style=\"text-align:center\">\n\t<a href=\"\/index.php\/arleta-wasowska-appointments\/\" target=\"_self\" class=\"vamtam-button accent1 hover-accent6 button-solid icon-animation-disable\" role=\"button\" style=\"font-size:14px;line-height:16px;padding:16px 32px;\">\n\n\t\t\n\t\t\t\t\t<span class=\"vamtam-button-text\">Zarezerwuj teraz<\/span>\n\t\t\n\t\t\n\t<\/a>\n<\/div>\n\t<\/div>\n<\/div>\n<\/div>\n<\/article>\n\n<\/div><!-- .vgblk-rw-wrapper -->","protected":false},"excerpt":{"rendered":"<p>Konsultacja ajurwedyjska Witam Ci\u0119 serdecznie w miejscu, w kt\u00f3rym dziel\u0119 si\u0119 z Tob\u0105 staro\u017cytn\u0105 m\u0105dro\u015bci\u0105 Ajurwedy. Ale zanim przejdziemy do wewn\u0119trznej przemiany, wyja\u015bni\u0119 Ci czym jest Ajurweda. Ajurweda\u00a0to termin sanskrycki, kt\u00f3ry t\u0142umaczy si\u0119 jako \u201enauka o \u017cyciu&#8221; lub \u201ewiedza o \u017cyciu&#8221;.\u00a0\u201e\u00a0Ayus\u00a0&#8221; oznacza \u017cycie, a \u201e\u00a0veda\u00a0&#8221; oznacza wiedz\u0119. Ajurweda\u00a0ma ponad 5000 lat.\u00a0Ten najstarszy z system\u00f3w leczniczych&#8230;<\/p>\n","protected":false},"author":1,"featured_media":0,"parent":0,"menu_order":0,"comment_status":"closed","ping_status":"closed","template":"","meta":{"inline_featured_image":false,"footnotes":""},"class_list":["post-988019","page","type-page","status-publish","hentry"],"yoast_head":"<!-- This site is optimized with the Yoast SEO plugin v27.1.1 - https:\/\/yoast.com\/product\/yoast-seo-wordpress\/ -->\n<title>Kopia Konsultacja ajurwedyjska - Pur Spa<\/title>\n<meta name=\"robots\" content=\"index, follow, max-snippet:-1, max-image-preview:large, max-video-preview:-1\" \/>\n<link rel=\"canonical\" href=\"https:\/\/pur-spa.org\/index.php\/ayurvedic-consultation-copy\/\" \/>\n<meta property=\"og:locale\" content=\"pl_PL\" \/>\n<meta property=\"og:type\" content=\"article\" \/>\n<meta property=\"og:title\" content=\"Kopia Konsultacja ajurwedyjska - Pur Spa\" \/>\n<meta property=\"og:description\" content=\"Konsultacja ajurwedyjska Witam Ci\u0119 serdecznie w miejscu, w kt\u00f3rym dziel\u0119 si\u0119 z Tob\u0105 staro\u017cytn\u0105 m\u0105dro\u015bci\u0105 Ajurwedy. Ale zanim przejdziemy do wewn\u0119trznej przemiany, wyja\u015bni\u0119 Ci czym jest Ajurweda. Ajurweda\u00a0to termin sanskrycki, kt\u00f3ry t\u0142umaczy si\u0119 jako \u201enauka o \u017cyciu&#8221; lub \u201ewiedza o \u017cyciu&#8221;.\u00a0\u201e\u00a0Ayus\u00a0&#8221; oznacza \u017cycie, a \u201e\u00a0veda\u00a0&#8221; oznacza wiedz\u0119. Ajurweda\u00a0ma ponad 5000 lat.\u00a0Ten najstarszy z system\u00f3w leczniczych...\" \/>\n<meta property=\"og:url\" content=\"https:\/\/pur-spa.org\/index.php\/ayurvedic-consultation-copy\/\" \/>\n<meta property=\"og:site_name\" content=\"Pur Spa\" \/>\n<meta property=\"og:image\" content=\"http:\/\/podrozwglabsiebie.pl\/wp-content\/uploads\/2023\/06\/images-2.jpg\" \/>\n<meta name=\"twitter:card\" content=\"summary_large_image\" \/>\n<meta name=\"twitter:label1\" content=\"Szacowany czas czytania\" \/>\n\t<meta name=\"twitter:data1\" content=\"4 minuty\" \/>\n<script type=\"application\/ld+json\" class=\"yoast-schema-graph\">{\"@context\":\"https:\/\/schema.org\",\"@graph\":[{\"@type\":\"WebPage\",\"@id\":\"https:\/\/pur-spa.org\/index.php\/ayurvedic-consultation-copy\/\",\"url\":\"https:\/\/pur-spa.org\/index.php\/ayurvedic-consultation-copy\/\",\"name\":\"Kopia Konsultacja ajurwedyjska - Pur Spa\",\"isPartOf\":{\"@id\":\"https:\/\/pur-spa.org\/#website\"},\"primaryImageOfPage\":{\"@id\":\"https:\/\/pur-spa.org\/index.php\/ayurvedic-consultation-copy\/#primaryimage\"},\"image\":{\"@id\":\"https:\/\/pur-spa.org\/index.php\/ayurvedic-consultation-copy\/#primaryimage\"},\"thumbnailUrl\":\"http:\/\/podrozwglabsiebie.pl\/wp-content\/uploads\/2023\/06\/images-2.jpg\",\"datePublished\":\"2024-08-23T20:06:28+00:00\",\"breadcrumb\":{\"@id\":\"https:\/\/pur-spa.org\/index.php\/ayurvedic-consultation-copy\/#breadcrumb\"},\"inLanguage\":\"pl-PL\",\"potentialAction\":[{\"@type\":\"ReadAction\",\"target\":[\"https:\/\/pur-spa.org\/index.php\/ayurvedic-consultation-copy\/\"]}]},{\"@type\":\"ImageObject\",\"inLanguage\":\"pl-PL\",\"@id\":\"https:\/\/pur-spa.org\/index.php\/ayurvedic-consultation-copy\/#primaryimage\",\"url\":\"http:\/\/podrozwglabsiebie.pl\/wp-content\/uploads\/2023\/06\/images-2.jpg\",\"contentUrl\":\"http:\/\/podrozwglabsiebie.pl\/wp-content\/uploads\/2023\/06\/images-2.jpg\"},{\"@type\":\"BreadcrumbList\",\"@id\":\"https:\/\/pur-spa.org\/index.php\/ayurvedic-consultation-copy\/#breadcrumb\",\"itemListElement\":[{\"@type\":\"ListItem\",\"position\":1,\"name\":\"Strona g\u0142\u00f3wna\",\"item\":\"https:\/\/pur-spa.org\/\"},{\"@type\":\"ListItem\",\"position\":2,\"name\":\"Kopia Konsultacja ajurwedyjska\"}]},{\"@type\":\"WebSite\",\"@id\":\"https:\/\/pur-spa.org\/#website\",\"url\":\"https:\/\/pur-spa.org\/\",\"name\":\"Pur Spa\",\"description\":\"\",\"publisher\":{\"@id\":\"https:\/\/pur-spa.org\/#organization\"},\"potentialAction\":[{\"@type\":\"SearchAction\",\"target\":{\"@type\":\"EntryPoint\",\"urlTemplate\":\"https:\/\/pur-spa.org\/?s={search_term_string}\"},\"query-input\":{\"@type\":\"PropertyValueSpecification\",\"valueRequired\":true,\"valueName\":\"search_term_string\"}}],\"inLanguage\":\"pl-PL\"},{\"@type\":\"Organization\",\"@id\":\"https:\/\/pur-spa.org\/#organization\",\"name\":\"Pur Spa\",\"url\":\"https:\/\/pur-spa.org\/\",\"logo\":{\"@type\":\"ImageObject\",\"inLanguage\":\"pl-PL\",\"@id\":\"https:\/\/pur-spa.org\/#\/schema\/logo\/image\/\",\"url\":\"https:\/\/pur-spa.org\/wp-content\/uploads\/2017\/11\/logo-spa-theme.svg\",\"contentUrl\":\"https:\/\/pur-spa.org\/wp-content\/uploads\/2017\/11\/logo-spa-theme.svg\",\"width\":105,\"height\":50,\"caption\":\"Pur Spa\"},\"image\":{\"@id\":\"https:\/\/pur-spa.org\/#\/schema\/logo\/image\/\"}}]}<\/script>\n<!-- \/ Yoast SEO plugin. -->","yoast_head_json":{"title":"Kopia Konsultacja ajurwedyjska - Pur Spa","robots":{"index":"index","follow":"follow","max-snippet":"max-snippet:-1","max-image-preview":"max-image-preview:large","max-video-preview":"max-video-preview:-1"},"canonical":"https:\/\/pur-spa.org\/index.php\/ayurvedic-consultation-copy\/","og_locale":"pl_PL","og_type":"article","og_title":"Kopia Konsultacja ajurwedyjska - Pur Spa","og_description":"Konsultacja ajurwedyjska Witam Ci\u0119 serdecznie w miejscu, w kt\u00f3rym dziel\u0119 si\u0119 z Tob\u0105 staro\u017cytn\u0105 m\u0105dro\u015bci\u0105 Ajurwedy. Ale zanim przejdziemy do wewn\u0119trznej przemiany, wyja\u015bni\u0119 Ci czym jest Ajurweda. Ajurweda\u00a0to termin sanskrycki, kt\u00f3ry t\u0142umaczy si\u0119 jako \u201enauka o \u017cyciu&#8221; lub \u201ewiedza o \u017cyciu&#8221;.\u00a0\u201e\u00a0Ayus\u00a0&#8221; oznacza \u017cycie, a \u201e\u00a0veda\u00a0&#8221; oznacza wiedz\u0119. Ajurweda\u00a0ma ponad 5000 lat.\u00a0Ten najstarszy z system\u00f3w leczniczych...","og_url":"https:\/\/pur-spa.org\/index.php\/ayurvedic-consultation-copy\/","og_site_name":"Pur Spa","og_image":[{"url":"http:\/\/podrozwglabsiebie.pl\/wp-content\/uploads\/2023\/06\/images-2.jpg","type":"","width":"","height":""}],"twitter_card":"summary_large_image","twitter_misc":{"Szacowany czas czytania":"4 minuty"},"schema":{"@context":"https:\/\/schema.org","@graph":[{"@type":"WebPage","@id":"https:\/\/pur-spa.org\/index.php\/ayurvedic-consultation-copy\/","url":"https:\/\/pur-spa.org\/index.php\/ayurvedic-consultation-copy\/","name":"Kopia Konsultacja ajurwedyjska - Pur Spa","isPartOf":{"@id":"https:\/\/pur-spa.org\/#website"},"primaryImageOfPage":{"@id":"https:\/\/pur-spa.org\/index.php\/ayurvedic-consultation-copy\/#primaryimage"},"image":{"@id":"https:\/\/pur-spa.org\/index.php\/ayurvedic-consultation-copy\/#primaryimage"},"thumbnailUrl":"http:\/\/podrozwglabsiebie.pl\/wp-content\/uploads\/2023\/06\/images-2.jpg","datePublished":"2024-08-23T20:06:28+00:00","breadcrumb":{"@id":"https:\/\/pur-spa.org\/index.php\/ayurvedic-consultation-copy\/#breadcrumb"},"inLanguage":"pl-PL","potentialAction":[{"@type":"ReadAction","target":["https:\/\/pur-spa.org\/index.php\/ayurvedic-consultation-copy\/"]}]},{"@type":"ImageObject","inLanguage":"pl-PL","@id":"https:\/\/pur-spa.org\/index.php\/ayurvedic-consultation-copy\/#primaryimage","url":"http:\/\/podrozwglabsiebie.pl\/wp-content\/uploads\/2023\/06\/images-2.jpg","contentUrl":"http:\/\/podrozwglabsiebie.pl\/wp-content\/uploads\/2023\/06\/images-2.jpg"},{"@type":"BreadcrumbList","@id":"https:\/\/pur-spa.org\/index.php\/ayurvedic-consultation-copy\/#breadcrumb","itemListElement":[{"@type":"ListItem","position":1,"name":"Strona g\u0142\u00f3wna","item":"https:\/\/pur-spa.org\/"},{"@type":"ListItem","position":2,"name":"Kopia Konsultacja ajurwedyjska"}]},{"@type":"WebSite","@id":"https:\/\/pur-spa.org\/#website","url":"https:\/\/pur-spa.org\/","name":"Pur Spa","description":"","publisher":{"@id":"https:\/\/pur-spa.org\/#organization"},"potentialAction":[{"@type":"SearchAction","target":{"@type":"EntryPoint","urlTemplate":"https:\/\/pur-spa.org\/?s={search_term_string}"},"query-input":{"@type":"PropertyValueSpecification","valueRequired":true,"valueName":"search_term_string"}}],"inLanguage":"pl-PL"},{"@type":"Organization","@id":"https:\/\/pur-spa.org\/#organization","name":"Pur Spa","url":"https:\/\/pur-spa.org\/","logo":{"@type":"ImageObject","inLanguage":"pl-PL","@id":"https:\/\/pur-spa.org\/#\/schema\/logo\/image\/","url":"https:\/\/pur-spa.org\/wp-content\/uploads\/2017\/11\/logo-spa-theme.svg","contentUrl":"https:\/\/pur-spa.org\/wp-content\/uploads\/2017\/11\/logo-spa-theme.svg","width":105,"height":50,"caption":"Pur Spa"},"image":{"@id":"https:\/\/pur-spa.org\/#\/schema\/logo\/image\/"}}]}},"_links":{"self":[{"href":"https:\/\/pur-spa.org\/index.php\/wp-json\/wp\/v2\/pages\/988019","targetHints":{"allow":["GET"]}}],"collection":[{"href":"https:\/\/pur-spa.org\/index.php\/wp-json\/wp\/v2\/pages"}],"about":[{"href":"https:\/\/pur-spa.org\/index.php\/wp-json\/wp\/v2\/types\/page"}],"author":[{"embeddable":true,"href":"https:\/\/pur-spa.org\/index.php\/wp-json\/wp\/v2\/users\/1"}],"replies":[{"embeddable":true,"href":"https:\/\/pur-spa.org\/index.php\/wp-json\/wp\/v2\/comments?post=988019"}],"version-history":[{"count":1,"href":"https:\/\/pur-spa.org\/index.php\/wp-json\/wp\/v2\/pages\/988019\/revisions"}],"predecessor-version":[{"id":988020,"href":"https:\/\/pur-spa.org\/index.php\/wp-json\/wp\/v2\/pages\/988019\/revisions\/988020"}],"wp:attachment":[{"href":"https:\/\/pur-spa.org\/index.php\/wp-json\/wp\/v2\/media?parent=988019"}],"curies":[{"name":"wp","href":"https:\/\/api.w.org\/{rel}","templated":true}]}}