{"id":14013,"date":"2017-09-03T22:38:55","date_gmt":"2017-09-03T22:38:55","guid":{"rendered":"https:\/\/pur.vamtam.com\/?page_id=14013"},"modified":"2025-02-19T12:59:00","modified_gmt":"2025-02-19T11:59:00","slug":"strona-glowna","status":"publish","type":"page","link":"https:\/\/pur-spa.org\/","title":{"rendered":"Home &#8211; Spa"},"content":{"rendered":"<div class=\"vgblk-rw-wrapper limit-wrapper\">\n\n\t\t\t\t\t\t\t<img decoding=\"async\" src=\"https:\/\/pur-spa.org\/wp-content\/plugins\/beaver-builder-lite-version\/img\/pixel.png\" alt=\"\" itemprop=\"image\" onerror=\"this.style.display='none'\"  \/>\n\t\t\t\t\t\t\t<img loading=\"lazy\" decoding=\"async\" width=\"100\" height=\"80\" src=\"http:\/\/pur-spa.org\/wp-content\/uploads\/2018\/02\/Ornament-flower-2.svg\" alt=\"Ornament-flower-2\" itemprop=\"image\" title=\"Ornament-flower-2\" onerror=\"this.style.display='none'\" \/>\t\t\t\t\t\t\t\n<h2>\n\tWitamy w\n\t<\/h2>\n<h1>\n\tNiesamowitych wra\u017ceniach SPA\n\t<\/h1>\n\t<p>Ka\u017cdy zabieg zosta\u0142 specjalnie zaprojektowany, aby zapewni\u0107 wyj\u0105tkowe wra\u017cenia, przy u\u017cyciu pot\u0119\u017cnych sekwencji masa\u017cu i najsilniejszych substancji aktywnych dost\u0119pnych obecnie na \u015bwiecie.<\/p>\n\t<a href=\"https:\/\/pur-spa.org\/index.php\/treatments\/about-us\" target=\"_self\" role=\"button\">\n\t\t\t\t\tWi\u0119cej o nas\n\t<\/a>\n<h2>\n\tZarezerwuj\n\t<\/h2>\n<h1>\n\tSw\u00f3j zabieg\n\t<\/h1>\n\t<p>Zabierz swoje spa w podr\u00f3\u017c dzi\u0119ki naszemu harmonogramowi wizyt<\/p>\n<p>lub<\/p>\n\t<a href=\"index.php\/reviews\/\" target=\"_self\" role=\"button\">\n\t\t\t\t\tPo prostu napisz wiadomo\u015b\u0107.\n\t<\/a>\n<h3>\n\tGdzie nas znale\u017a\u0107?\n\t<\/h3>\n<h5>\n\tTelefon &amp; E-mail\n\t<\/h5>\n\t<a href=\"tel:+48536187852\" target=\"_blank\" rel=\"noopener\">(+48) 536 187 852<\/a><br \/>\n<a href=\"mailto:kontakt@pur-spa.pl\">kontakt@pur-spa.p<\/a>l\n<h5>\n\tGodziny otwarcia\n\t<\/h5>\n\tPon &#8211; Sob: 9:00 &#8211; 19:00<br \/>\nNd: 10:00 &#8211; 18:00\n<h5>\n\tAdres\n\t<\/h5>\n\tSpadzista 1\/3 Str.<br \/>\nSwieradow-Zdroj, Polska\n\t\t<iframe src=\"https:\/\/maps.google.com\/maps?q=pur+spa+%C5%9Bwierad%C3%B3w+zdr%C3%B3j&#038;iwloc=near&#038;output=embed\" height=\"406\" frameborder=\"0\" loading=\"lazy\"><\/iframe>\n<h2>\n\t\tCo od nas otrzymasz?\n\t<\/h2>\n\t<p>Skorzystaj z szerokiej gamy zachodnich i indyjskich zabieg\u00f3w, masa\u017cy, zabieg\u00f3w na twarz i terapii spa<\/p>\n\t<p>Witamy Ci\u0119 w miejscu, w kt\u00f3rym dzielimy si\u0119 z Tob\u0105 staro\u017cytn\u0105 m\u0105dro\u015bci\u0105 ajurwedy. Zanim przejdziemy do wewn\u0119trznej przemiany, mo\u017cemy wyja\u015bni\u0107 Ci, czym jest ajurweda.<\/p>\n\t<p>Og\u00f3lnie rzecz bior\u0105c, kuchnia ajurwedyjska ma nisk\u0105 zawarto\u015b\u0107 mi\u0119sa lub nawet jest bezmi\u0119sna, a jedzenie mo\u017ce wp\u0142ywa\u0107 na uczucia. Nauczymy Ci\u0119, jak przygotowa\u0107 dobrze zbilansowane menu ajurwedyjskie.<\/p>\n\t<p>Niezale\u017cnie od tego, czy szukasz masa\u017cu, zabiegu na twarz czy ok\u0142adu, przyjd\u017a na konsultacj\u0119, a nasi wysoko wykwalifikowani specjali\u015bci od piel\u0119gnacji sk\u00f3ry pomog\u0105 Ci wybra\u0107 zabiegi spa i dostosowa\u0107 je do Twoich potrzeb.<\/p>\n<h2>\n\t\tCo ludzie o nas m\u00f3wi\u0105?\n\t<\/h2>\n\t<p>The best SPA salon I have ever been to. Complete in its service: professionalism, atmosphere, relaxation, high-class natural products. Everything a woman needs to relax.<\/p>\n<p>A.P.<\/p>\n\t\t\t\t\t\t\t<img decoding=\"async\" src=\"https:\/\/lite.demos.wpbeaverbuilder.com\/wp-content\/uploads\/sites\/28\/2020\/02\/photo-1558403194-611308249627-1-768x768-5.jpg\" alt=\"\" itemprop=\"image\" onerror=\"this.style.display='none'\"  \/>\n\t<p>I wholeheartedly recommend it! I used it twice and I will definitely use it again. Warm, kind and empathetic staff is a professional in every detail. Thank you with all my heart! I can&#8217;t wait for my next visit&#8230; Mrs. Arleta is a real Angel in my opinion \u2764\ufe0fI recommend it with all my heart&#8230;<\/p>\n<p>D.C.<\/p>\n\t\t\t\t\t\t\t<img decoding=\"async\" src=\"https:\/\/lite.demos.wpbeaverbuilder.com\/wp-content\/uploads\/sites\/28\/2020\/02\/photo-1552664730-d307ca884978-768x768-5.jpg\" alt=\"\" itemprop=\"image\" onerror=\"this.style.display='none'\"  \/>\n\n<\/div><!-- .vgblk-rw-wrapper -->","protected":false},"excerpt":{"rendered":"<p>Witamy w Niesamowitych wra\u017ceniach SPA Ka\u017cdy zabieg zosta\u0142 specjalnie zaprojektowany, aby zapewni\u0107 wyj\u0105tkowe wra\u017cenia, przy u\u017cyciu pot\u0119\u017cnych sekwencji masa\u017cu i najsilniejszych substancji aktywnych dost\u0119pnych obecnie na \u015bwiecie. Wi\u0119cej o nas Zarezerwuj Sw\u00f3j zabieg Zabierz swoje spa w podr\u00f3\u017c dzi\u0119ki naszemu harmonogramowi wizyt lub Po prostu napisz wiadomo\u015b\u0107. Gdzie nas znale\u017a\u0107? Telefon &amp; E-mail (+48) 536&#8230;<\/p>\n","protected":false},"author":1,"featured_media":0,"parent":0,"menu_order":0,"comment_status":"closed","ping_status":"closed","template":"","meta":{"inline_featured_image":false,"footnotes":""},"class_list":["post-14013","page","type-page","status-publish","hentry"],"yoast_head":"<!-- This site is optimized with the Yoast SEO plugin v27.1.1 - https:\/\/yoast.com\/product\/yoast-seo-wordpress\/ -->\n<title>Gabinet Pur Spa - Twoje naturalne podej\u015bcie do zdrowia!<\/title>\n<meta name=\"description\" content=\"Chcesz cieszy\u0107 si\u0119 zdrowiem poprzez stosowanie naturalnych metod? W naszym spa znajdziesz wszystko, by pozosta\u0107\u00a0w zdrowiu\" \/>\n<meta name=\"robots\" content=\"index, follow, max-snippet:-1, max-image-preview:large, max-video-preview:-1\" \/>\n<link rel=\"canonical\" href=\"https:\/\/pur-spa.org\/\" \/>\n<meta property=\"og:locale\" content=\"pl_PL\" \/>\n<meta property=\"og:type\" content=\"article\" \/>\n<meta property=\"og:title\" content=\"Gabinet Pur Spa - Twoje naturalne podej\u015bcie do zdrowia!\" \/>\n<meta property=\"og:description\" content=\"Chcesz cieszy\u0107 si\u0119 zdrowiem poprzez stosowanie naturalnych metod? W naszym spa znajdziesz wszystko, by pozosta\u0107\u00a0w zdrowiu\" \/>\n<meta property=\"og:url\" content=\"https:\/\/pur-spa.org\/\" \/>\n<meta property=\"og:site_name\" content=\"Pur Spa\" \/>\n<meta property=\"article:modified_time\" content=\"2025-02-19T11:59:00+00:00\" \/>\n<meta property=\"og:image\" content=\"https:\/\/pur-spa.org\/wp-content\/plugins\/beaver-builder-lite-version\/img\/pixel.png\" \/>\n<meta name=\"twitter:card\" content=\"summary_large_image\" \/>\n<meta name=\"twitter:label1\" content=\"Szacowany czas czytania\" \/>\n\t<meta name=\"twitter:data1\" content=\"3 minuty\" \/>\n<script type=\"application\/ld+json\" class=\"yoast-schema-graph\">{\"@context\":\"https:\/\/schema.org\",\"@graph\":[{\"@type\":\"WebPage\",\"@id\":\"https:\/\/pur-spa.org\/\",\"url\":\"https:\/\/pur-spa.org\/\",\"name\":\"Gabinet Pur Spa - Twoje naturalne podej\u015bcie do zdrowia!\",\"isPartOf\":{\"@id\":\"https:\/\/pur-spa.org\/#website\"},\"primaryImageOfPage\":{\"@id\":\"https:\/\/pur-spa.org\/#primaryimage\"},\"image\":{\"@id\":\"https:\/\/pur-spa.org\/#primaryimage\"},\"thumbnailUrl\":\"https:\/\/pur-spa.org\/wp-content\/plugins\/beaver-builder-lite-version\/img\/pixel.png\",\"datePublished\":\"2017-09-03T22:38:55+00:00\",\"dateModified\":\"2025-02-19T11:59:00+00:00\",\"description\":\"Chcesz cieszy\u0107 si\u0119 zdrowiem poprzez stosowanie naturalnych metod? W naszym spa znajdziesz wszystko, by pozosta\u0107\u00a0w zdrowiu\",\"breadcrumb\":{\"@id\":\"https:\/\/pur-spa.org\/#breadcrumb\"},\"inLanguage\":\"pl-PL\",\"potentialAction\":[{\"@type\":\"ReadAction\",\"target\":[\"https:\/\/pur-spa.org\/\"]}]},{\"@type\":\"ImageObject\",\"inLanguage\":\"pl-PL\",\"@id\":\"https:\/\/pur-spa.org\/#primaryimage\",\"url\":\"https:\/\/pur-spa.org\/wp-content\/plugins\/beaver-builder-lite-version\/img\/pixel.png\",\"contentUrl\":\"https:\/\/pur-spa.org\/wp-content\/plugins\/beaver-builder-lite-version\/img\/pixel.png\"},{\"@type\":\"BreadcrumbList\",\"@id\":\"https:\/\/pur-spa.org\/#breadcrumb\",\"itemListElement\":[{\"@type\":\"ListItem\",\"position\":1,\"name\":\"Strona g\u0142\u00f3wna\",\"item\":\"https:\/\/pur-spa.org\/\"},{\"@type\":\"ListItem\",\"position\":2,\"name\":\"Home &#8211; Spa\"}]},{\"@type\":\"WebSite\",\"@id\":\"https:\/\/pur-spa.org\/#website\",\"url\":\"https:\/\/pur-spa.org\/\",\"name\":\"Pur Spa\",\"description\":\"\",\"publisher\":{\"@id\":\"https:\/\/pur-spa.org\/#organization\"},\"potentialAction\":[{\"@type\":\"SearchAction\",\"target\":{\"@type\":\"EntryPoint\",\"urlTemplate\":\"https:\/\/pur-spa.org\/?s={search_term_string}\"},\"query-input\":{\"@type\":\"PropertyValueSpecification\",\"valueRequired\":true,\"valueName\":\"search_term_string\"}}],\"inLanguage\":\"pl-PL\"},{\"@type\":\"Organization\",\"@id\":\"https:\/\/pur-spa.org\/#organization\",\"name\":\"Pur Spa\",\"url\":\"https:\/\/pur-spa.org\/\",\"logo\":{\"@type\":\"ImageObject\",\"inLanguage\":\"pl-PL\",\"@id\":\"https:\/\/pur-spa.org\/#\/schema\/logo\/image\/\",\"url\":\"https:\/\/pur-spa.org\/wp-content\/uploads\/2017\/11\/logo-spa-theme.svg\",\"contentUrl\":\"https:\/\/pur-spa.org\/wp-content\/uploads\/2017\/11\/logo-spa-theme.svg\",\"width\":105,\"height\":50,\"caption\":\"Pur Spa\"},\"image\":{\"@id\":\"https:\/\/pur-spa.org\/#\/schema\/logo\/image\/\"}}]}<\/script>\n<!-- \/ Yoast SEO plugin. -->","yoast_head_json":{"title":"Gabinet Pur Spa - Twoje naturalne podej\u015bcie do zdrowia!","description":"Chcesz cieszy\u0107 si\u0119 zdrowiem poprzez stosowanie naturalnych metod? W naszym spa znajdziesz wszystko, by pozosta\u0107\u00a0w zdrowiu","robots":{"index":"index","follow":"follow","max-snippet":"max-snippet:-1","max-image-preview":"max-image-preview:large","max-video-preview":"max-video-preview:-1"},"canonical":"https:\/\/pur-spa.org\/","og_locale":"pl_PL","og_type":"article","og_title":"Gabinet Pur Spa - Twoje naturalne podej\u015bcie do zdrowia!","og_description":"Chcesz cieszy\u0107 si\u0119 zdrowiem poprzez stosowanie naturalnych metod? W naszym spa znajdziesz wszystko, by pozosta\u0107\u00a0w zdrowiu","og_url":"https:\/\/pur-spa.org\/","og_site_name":"Pur Spa","article_modified_time":"2025-02-19T11:59:00+00:00","og_image":[{"url":"https:\/\/pur-spa.org\/wp-content\/plugins\/beaver-builder-lite-version\/img\/pixel.png","type":"","width":"","height":""}],"twitter_card":"summary_large_image","twitter_misc":{"Szacowany czas czytania":"3 minuty"},"schema":{"@context":"https:\/\/schema.org","@graph":[{"@type":"WebPage","@id":"https:\/\/pur-spa.org\/","url":"https:\/\/pur-spa.org\/","name":"Gabinet Pur Spa - Twoje naturalne podej\u015bcie do zdrowia!","isPartOf":{"@id":"https:\/\/pur-spa.org\/#website"},"primaryImageOfPage":{"@id":"https:\/\/pur-spa.org\/#primaryimage"},"image":{"@id":"https:\/\/pur-spa.org\/#primaryimage"},"thumbnailUrl":"https:\/\/pur-spa.org\/wp-content\/plugins\/beaver-builder-lite-version\/img\/pixel.png","datePublished":"2017-09-03T22:38:55+00:00","dateModified":"2025-02-19T11:59:00+00:00","description":"Chcesz cieszy\u0107 si\u0119 zdrowiem poprzez stosowanie naturalnych metod? W naszym spa znajdziesz wszystko, by pozosta\u0107\u00a0w zdrowiu","breadcrumb":{"@id":"https:\/\/pur-spa.org\/#breadcrumb"},"inLanguage":"pl-PL","potentialAction":[{"@type":"ReadAction","target":["https:\/\/pur-spa.org\/"]}]},{"@type":"ImageObject","inLanguage":"pl-PL","@id":"https:\/\/pur-spa.org\/#primaryimage","url":"https:\/\/pur-spa.org\/wp-content\/plugins\/beaver-builder-lite-version\/img\/pixel.png","contentUrl":"https:\/\/pur-spa.org\/wp-content\/plugins\/beaver-builder-lite-version\/img\/pixel.png"},{"@type":"BreadcrumbList","@id":"https:\/\/pur-spa.org\/#breadcrumb","itemListElement":[{"@type":"ListItem","position":1,"name":"Strona g\u0142\u00f3wna","item":"https:\/\/pur-spa.org\/"},{"@type":"ListItem","position":2,"name":"Home &#8211; Spa"}]},{"@type":"WebSite","@id":"https:\/\/pur-spa.org\/#website","url":"https:\/\/pur-spa.org\/","name":"Pur Spa","description":"","publisher":{"@id":"https:\/\/pur-spa.org\/#organization"},"potentialAction":[{"@type":"SearchAction","target":{"@type":"EntryPoint","urlTemplate":"https:\/\/pur-spa.org\/?s={search_term_string}"},"query-input":{"@type":"PropertyValueSpecification","valueRequired":true,"valueName":"search_term_string"}}],"inLanguage":"pl-PL"},{"@type":"Organization","@id":"https:\/\/pur-spa.org\/#organization","name":"Pur Spa","url":"https:\/\/pur-spa.org\/","logo":{"@type":"ImageObject","inLanguage":"pl-PL","@id":"https:\/\/pur-spa.org\/#\/schema\/logo\/image\/","url":"https:\/\/pur-spa.org\/wp-content\/uploads\/2017\/11\/logo-spa-theme.svg","contentUrl":"https:\/\/pur-spa.org\/wp-content\/uploads\/2017\/11\/logo-spa-theme.svg","width":105,"height":50,"caption":"Pur Spa"},"image":{"@id":"https:\/\/pur-spa.org\/#\/schema\/logo\/image\/"}}]}},"_links":{"self":[{"href":"https:\/\/pur-spa.org\/index.php\/wp-json\/wp\/v2\/pages\/14013","targetHints":{"allow":["GET"]}}],"collection":[{"href":"https:\/\/pur-spa.org\/index.php\/wp-json\/wp\/v2\/pages"}],"about":[{"href":"https:\/\/pur-spa.org\/index.php\/wp-json\/wp\/v2\/types\/page"}],"author":[{"embeddable":true,"href":"https:\/\/pur-spa.org\/index.php\/wp-json\/wp\/v2\/users\/1"}],"replies":[{"embeddable":true,"href":"https:\/\/pur-spa.org\/index.php\/wp-json\/wp\/v2\/comments?post=14013"}],"version-history":[{"count":23,"href":"https:\/\/pur-spa.org\/index.php\/wp-json\/wp\/v2\/pages\/14013\/revisions"}],"predecessor-version":[{"id":988069,"href":"https:\/\/pur-spa.org\/index.php\/wp-json\/wp\/v2\/pages\/14013\/revisions\/988069"}],"wp:attachment":[{"href":"https:\/\/pur-spa.org\/index.php\/wp-json\/wp\/v2\/media?parent=14013"}],"curies":[{"name":"wp","href":"https:\/\/api.w.org\/{rel}","templated":true}]}}